{"id":80538,"date":"2025-04-10T13:36:13","date_gmt":"2025-04-10T11:36:13","guid":{"rendered":"https:\/\/aialadu.ee\/uncategorized\/naduvnoj-batut-ukssarvik\/"},"modified":"2025-04-10T13:36:13","modified_gmt":"2025-04-10T11:36:13","slug":"naduvnoj-batut-ukssarvik","status":"publish","type":"product","link":"https:\/\/aialadu.ee\/ru\/batuty\/naduvnoj-batut-ukssarvik\/","title":{"rendered":"\u041d\u0430\u0434\u0443\u0432\u043d\u043e\u0439 \u0431\u0430\u0442\u0443\u0442 \u00dcKSSARVIK"},"content":{"rendered":"<p class=\"\" data-start=\"0\" data-end=\"273\">Kas soovite luua oma lastele \u00f5uem\u00e4ngukoha, kus nad saavad tundide viisi l\u00f5butseda ja oma energiat kulutada? \u00d5hkbatuut on ideaalne valik, pakkudes lastele naeratust, r\u00f5\u00f5mu ja aktiivset m\u00e4ngimist! Sobib suurep\u00e4raselt teemapidudele, s\u00fcnnip\u00e4evadele ja muudeks laste \u00fcritusteks.<\/p>\n<p class=\"\" data-start=\"275\" data-end=\"428\">Batuudil on lium\u00e4gi, korvpallir\u00f5ngas, pallimeri ja palju ruumi h\u00fcppamiseks ja m\u00e4ngimiseks. Ohutu h\u00fcppamise tagamiseks on soovitatav kasutada v\u00f5rguga ala.<\/p>\n<p class=\"\" data-start=\"430\" data-end=\"873\"><strong data-start=\"430\" data-end=\"517\">Toiteallikaks on konstantse vooluga 450 W elektriline \u00f5hupuhur (kaasas komplektis).<\/strong><br data-start=\"517\" data-end=\"520\" \/>Valmistatud tugevast ja vastupidavast PVC materjalist 420D+840D.<br data-start=\"584\" data-end=\"587\" \/>V\u00f5rkseintega ala tagab turvalise m\u00e4ngimise.<br data-start=\"630\" data-end=\"633\" \/>Lihtne paigaldada ja t\u00e4itub m\u00f5ne minutiga.<br data-start=\"675\" data-end=\"678\" data-is-only-node=\"\" \/>Sobib kasutamiseks nii \u00f5ues kui ka siseruumides.<br data-start=\"726\" data-end=\"729\" \/>Maksimaalne kogukoormus: 180 kg.<br data-start=\"761\" data-end=\"764\" \/>Soovitatav 4 m\u00e4ngijale korraga. Sobib lastele alates 3. eluaastast.<br data-start=\"831\" data-end=\"834\" \/><strong data-start=\"834\" data-end=\"853\">Batuudi m\u00f5\u00f5dud:<\/strong> 360 x 330 x 195 cm.<\/p>\n<p class=\"\" data-start=\"875\" data-end=\"897\"><strong data-start=\"875\" data-end=\"897\">Komplekt sisaldab:<\/strong><\/p>\n<ul data-start=\"898\" data-end=\"1051\">\n<li class=\"\" data-start=\"898\" data-end=\"920\">\n<p class=\"\" data-start=\"900\" data-end=\"920\">Elektriline \u00f5hupuhur<\/p>\n<\/li>\n<li class=\"\" data-start=\"921\" data-end=\"965\">\n<p class=\"\" data-start=\"923\" data-end=\"965\">Vaiad turvaliseks maapinnale kinnitamiseks<\/p>\n<\/li>\n<li class=\"\" data-start=\"966\" data-end=\"1010\">\n<p class=\"\" data-start=\"968\" data-end=\"1010\">Materjal v\u00e4ikeste vigastuste parandamiseks<\/p>\n<\/li>\n<li class=\"\" data-start=\"1011\" data-end=\"1034\">\n<p class=\"\" data-start=\"1013\" data-end=\"1034\">Suur batuudi hoiukott<\/p>\n<\/li>\n<li class=\"\" data-start=\"1035\" data-end=\"1051\">\n<p class=\"\" data-start=\"1037\" data-end=\"1051\">Paigaldusjuhis<\/p>\n<\/li>\n<\/ul>\n<p class=\"\" data-start=\"1053\" data-end=\"1164\">Vastab Euroopa m\u00e4nguasjade ohutusstandarditele EN71, EN60335, EN62233 ja rangetele Ameerika ASTM standarditele.<\/p>\n","protected":false},"excerpt":{"rendered":"<p>Kas soovite luua oma lastele \u00f5uem\u00e4ngukoha, kus nad saavad tundide viisi l\u00f5butseda ja oma energiat kulutada? \u00d5hkbatuut&#8230;<\/p>\n","protected":false},"featured_media":78299,"template":"","meta":[],"etheme_brands":[],"product_brand":[],"product_cat":[286,374],"product_tag":[],"class_list":{"0":"post-80538","1":"product","2":"type-product","3":"status-publish","4":"has-post-thumbnail","6":"product_cat-dlya-detej","7":"product_cat-batuty","8":"tm-no-options","10":"first","11":"instock","12":"taxable","13":"shipping-taxable","14":"purchasable","15":"product-type-simple"},"_links":{"self":[{"href":"https:\/\/aialadu.ee\/ru\/wp-json\/wp\/v2\/product\/80538","targetHints":{"allow":["GET"]}}],"collection":[{"href":"https:\/\/aialadu.ee\/ru\/wp-json\/wp\/v2\/product"}],"about":[{"href":"https:\/\/aialadu.ee\/ru\/wp-json\/wp\/v2\/types\/product"}],"version-history":[{"count":0,"href":"https:\/\/aialadu.ee\/ru\/wp-json\/wp\/v2\/product\/80538\/revisions"}],"wp:featuredmedia":[{"embeddable":true,"href":"https:\/\/aialadu.ee\/ru\/wp-json\/wp\/v2\/media\/78299"}],"wp:attachment":[{"href":"https:\/\/aialadu.ee\/ru\/wp-json\/wp\/v2\/media?parent=80538"}],"wp:term":[{"taxonomy":"brand","embeddable":true,"href":"https:\/\/aialadu.ee\/ru\/wp-json\/wp\/v2\/etheme_brands?post=80538"},{"taxonomy":"product_brand","embeddable":true,"href":"https:\/\/aialadu.ee\/ru\/wp-json\/wp\/v2\/product_brand?post=80538"},{"taxonomy":"product_cat","embeddable":true,"href":"https:\/\/aialadu.ee\/ru\/wp-json\/wp\/v2\/product_cat?post=80538"},{"taxonomy":"product_tag","embeddable":true,"href":"https:\/\/aialadu.ee\/ru\/wp-json\/wp\/v2\/product_tag?post=80538"}],"curies":[{"name":"wp","href":"https:\/\/api.w.org\/{rel}","templated":true}]}}