{"id":80537,"date":"2025-04-10T13:36:13","date_gmt":"2025-04-10T11:36:13","guid":{"rendered":"https:\/\/aialadu.ee\/uncategorized\/naduvnoj-batut-flamingo\/"},"modified":"2025-04-10T13:36:13","modified_gmt":"2025-04-10T11:36:13","slug":"naduvnoj-batut-flamingo","status":"publish","type":"product","link":"https:\/\/aialadu.ee\/ru\/batuty\/naduvnoj-batut-flamingo\/","title":{"rendered":"\u041d\u0430\u0434\u0443\u0432\u043d\u043e\u0439 \u0431\u0430\u0442\u0443\u0442 FLAMINGO"},"content":{"rendered":"<article class=\"text-token-text-primary w-full\" dir=\"auto\" data-testid=\"conversation-turn-22\" data-scroll-anchor=\"true\">\n<div class=\"text-base my-auto mx-auto py-5 [--thread-content-margin:--spacing(4)] @[37rem]:[--thread-content-margin:--spacing(6)] @[70rem]:[--thread-content-margin:--spacing(12)] px-(--thread-content-margin)\">\n<div class=\"[--thread-content-max-width:32rem] @[34rem]:[--thread-content-max-width:40rem] @[64rem]:[--thread-content-max-width:48rem] mx-auto flex max-w-(--thread-content-max-width) flex-1 text-base gap-4 md:gap-5 lg:gap-6 group\/turn-messages focus-visible:outline-hidden\" tabindex=\"-1\">\n<div class=\"group\/conversation-turn relative flex w-full min-w-0 flex-col agent-turn\">\n<div class=\"relative flex-col gap-1 md:gap-3\">\n<div class=\"flex max-w-full flex-col grow\">\n<div class=\"min-h-8 text-message relative flex w-full flex-col items-end gap-2 text-start break-words whitespace-normal [.text-message+&amp;]:mt-5\" dir=\"auto\" data-message-author-role=\"assistant\" data-message-id=\"dea405a2-01f0-4415-afd7-2372d972b097\" data-message-model-slug=\"gpt-4o-mini\">\n<div class=\"flex w-full flex-col gap-1 empty:hidden first:pt-[3px]\">\n<div class=\"markdown prose dark:prose-invert w-full break-words light\">\n<p class=\"\" data-start=\"0\" data-end=\"296\">Kas soovite luua oma lastele \u00f5uem\u00e4ngukoha, kus nad saavad tundide viisi l\u00f5butseda ja oma energiat kulutada? \u00d5hkbatuut on ideaalne valik, pakkudes lastele r\u00f5\u00f5mu, naeratust ja aktiivset m\u00e4ngimist! Sobib suurep\u00e4raselt erinevateks teemapidudeks ja muudeks laste \u00fcritusteks, sealhulgas s\u00fcnnip\u00e4evadeks.<\/p>\n<p class=\"\" data-start=\"298\" data-end=\"431\">Batuudil on lium\u00e4gi, ronimissein, korvpallir\u00f5ngas ja pallimeri. Ohutu h\u00fcppamise tagamiseks on soovitatav kasutada v\u00f5rguga kaetud ala.<\/p>\n<p class=\"\" data-start=\"433\" data-end=\"876\"><strong data-start=\"433\" data-end=\"520\">Toiteallikaks on konstantse vooluga 450 W elektriline \u00f5hupuhur (kaasas komplektis).<\/strong><br data-start=\"520\" data-end=\"523\" \/>Valmistatud tugevast ja vastupidavast PVC materjalist 420D+840D.<br data-start=\"587\" data-end=\"590\" \/>V\u00f5rkseintega ala tagab turvalise m\u00e4ngimise.<br data-start=\"633\" data-end=\"636\" \/>Lihtne paigaldada ja t\u00e4itub m\u00f5ne minutiga.<br data-start=\"678\" data-end=\"681\" data-is-only-node=\"\" \/>Sobib kasutamiseks nii \u00f5ues kui ka siseruumides.<br data-start=\"729\" data-end=\"732\" \/>Maksimaalne kogukoormus: 135 kg.<br data-start=\"764\" data-end=\"767\" \/>Soovitatav 3 m\u00e4ngijale korraga. Sobib lastele alates 3. eluaastast.<br data-start=\"834\" data-end=\"837\" \/><strong data-start=\"837\" data-end=\"856\">Batuudi m\u00f5\u00f5dud:<\/strong> 315 x 270 x 235 cm.<\/p>\n<p class=\"\" data-start=\"878\" data-end=\"900\"><strong data-start=\"878\" data-end=\"900\">Komplekt sisaldab:<\/strong><\/p>\n<ul data-start=\"901\" data-end=\"1054\">\n<li class=\"\" data-start=\"901\" data-end=\"923\">\n<p class=\"\" data-start=\"903\" data-end=\"923\">Elektriline \u00f5hupuhur<\/p>\n<\/li>\n<li class=\"\" data-start=\"924\" data-end=\"968\">\n<p class=\"\" data-start=\"926\" data-end=\"968\">Vaiad turvaliseks maapinnale kinnitamiseks<\/p>\n<\/li>\n<li class=\"\" data-start=\"969\" data-end=\"1013\">\n<p class=\"\" data-start=\"971\" data-end=\"1013\">Materjal v\u00e4ikeste vigastuste parandamiseks<\/p>\n<\/li>\n<li class=\"\" data-start=\"1014\" data-end=\"1037\">\n<p class=\"\" data-start=\"1016\" data-end=\"1037\">Suur batuudi hoiukott<\/p>\n<\/li>\n<li class=\"\" data-start=\"1038\" data-end=\"1054\">\n<p class=\"\" data-start=\"1040\" data-end=\"1054\">Paigaldusjuhis<\/p>\n<\/li>\n<\/ul>\n<p class=\"\" data-start=\"1056\" data-end=\"1167\">Vastab Euroopa m\u00e4nguasjade ohutusstandarditele EN71, EN60335, EN62233 ja rangetele Ameerika ASTM standarditele.<\/p>\n<\/div>\n<\/div>\n<\/div>\n<\/div>\n<div class=\"flex justify-start\">\n<div class=\"touch:-me-2 touch:-ms-3.5 -ms-2.5 -me-1 flex items-center p-1 select-none -mt-1 duration-[1.5s] focus-within:transition-none hover:transition-none pointer-events-none [mask-image:linear-gradient(to_right,black_33%,transparent_66%)] [mask-position:100%_0%] [mask-size:300%_100%] motion-safe:transition-[mask-position] group-hover\/turn-messages:pointer-events-auto group-hover\/turn-messages:[mask-position:0_0] group-focus-within\/turn-messages:pointer-events-auto group-focus-within\/turn-messages:[mask-position:0_0] has-data-[state=open]:pointer-events-auto has-data-[state=open]:[mask-position:0_0]\"><\/div>\n<\/div>\n<\/div>\n<div class=\"absolute\">\n<div class=\"flex items-center justify-center\"><\/div>\n<\/div>\n<\/div>\n<\/div>\n<\/div>\n<\/article>\n<div class=\"pointer-events-none h-px w-px\" aria-hidden=\"true\" data-edge=\"true\"><\/div>\n","protected":false},"excerpt":{"rendered":"<p>Kas soovite luua oma lastele \u00f5uem\u00e4ngukoha, kus nad saavad tundide viisi l\u00f5butseda ja oma energiat kulutada? \u00d5hkbatuut&#8230;<\/p>\n","protected":false},"featured_media":78310,"template":"","meta":[],"etheme_brands":[],"product_brand":[],"product_cat":[286,374],"product_tag":[],"class_list":{"0":"post-80537","1":"product","2":"type-product","3":"status-publish","4":"has-post-thumbnail","6":"product_cat-dlya-detej","7":"product_cat-batuty","8":"tm-no-options","10":"first","11":"instock","12":"taxable","13":"shipping-taxable","14":"purchasable","15":"product-type-simple"},"_links":{"self":[{"href":"https:\/\/aialadu.ee\/ru\/wp-json\/wp\/v2\/product\/80537","targetHints":{"allow":["GET"]}}],"collection":[{"href":"https:\/\/aialadu.ee\/ru\/wp-json\/wp\/v2\/product"}],"about":[{"href":"https:\/\/aialadu.ee\/ru\/wp-json\/wp\/v2\/types\/product"}],"version-history":[{"count":0,"href":"https:\/\/aialadu.ee\/ru\/wp-json\/wp\/v2\/product\/80537\/revisions"}],"wp:featuredmedia":[{"embeddable":true,"href":"https:\/\/aialadu.ee\/ru\/wp-json\/wp\/v2\/media\/78310"}],"wp:attachment":[{"href":"https:\/\/aialadu.ee\/ru\/wp-json\/wp\/v2\/media?parent=80537"}],"wp:term":[{"taxonomy":"brand","embeddable":true,"href":"https:\/\/aialadu.ee\/ru\/wp-json\/wp\/v2\/etheme_brands?post=80537"},{"taxonomy":"product_brand","embeddable":true,"href":"https:\/\/aialadu.ee\/ru\/wp-json\/wp\/v2\/product_brand?post=80537"},{"taxonomy":"product_cat","embeddable":true,"href":"https:\/\/aialadu.ee\/ru\/wp-json\/wp\/v2\/product_cat?post=80537"},{"taxonomy":"product_tag","embeddable":true,"href":"https:\/\/aialadu.ee\/ru\/wp-json\/wp\/v2\/product_tag?post=80537"}],"curies":[{"name":"wp","href":"https:\/\/api.w.org\/{rel}","templated":true}]}}