{"id":80535,"date":"2025-04-10T13:36:12","date_gmt":"2025-04-10T11:36:12","guid":{"rendered":"https:\/\/aialadu.ee\/uncategorized\/naduvnoj-batut-dino\/"},"modified":"2025-04-10T13:36:12","modified_gmt":"2025-04-10T11:36:12","slug":"naduvnoj-batut-dino","status":"publish","type":"product","link":"https:\/\/aialadu.ee\/ru\/batuty\/naduvnoj-batut-dino\/","title":{"rendered":"\u041d\u0430\u0434\u0443\u0432\u043d\u043e\u0439 \u0431\u0430\u0442\u0443\u0442 DINO"},"content":{"rendered":"<p class=\"\" data-start=\"0\" data-end=\"310\">Kas soovite luua oma lastele \u00f5uem\u00e4ngukoha, kus nad saavad tundide viisi l\u00f5butseda ja oma energiat kulutada? \u00d5hkbatuut on ideaalne valik, garanteerides naeratuse laste n\u00e4gudel, r\u00f5\u00f5mu ja aktiivse m\u00e4ngimise! See sobib suurep\u00e4raselt erinevateks teemapidudeks ja muudeks laste \u00fcritusteks, sealhulgas s\u00fcnnip\u00e4evadeks.<\/p>\n<p class=\"\" data-start=\"312\" data-end=\"438\">Batuudil on lium\u00e4gi, ronimissein, korvpallir\u00f5ngas ja pallimeri. Ohutuks h\u00fcppamiseks on soovitatav kasutada v\u00f5rguga kaetud ala.<\/p>\n<p class=\"\" data-start=\"440\" data-end=\"881\"><strong data-start=\"440\" data-end=\"527\">Toiteallikaks on konstantse vooluga 450 W elektriline \u00f5hupuhur (kaasas komplektis).<\/strong><br data-start=\"527\" data-end=\"530\" \/>Valmistatud tugevast ja vastupidavast PVC materjalist 420D+840D.<br data-start=\"594\" data-end=\"597\" \/>V\u00f5rgukaitse tagab turvalisuse.<br data-start=\"627\" data-end=\"630\" \/>Lihtne paigaldada ja kiiresti t\u00e4itub (m\u00f5ne minutiga).<br data-start=\"683\" data-end=\"686\" data-is-only-node=\"\" \/>Sobib kasutamiseks nii \u00f5ues kui ka siseruumides.<br data-start=\"734\" data-end=\"737\" \/>Maksimaalne kogukoormus: 135 kg.<br data-start=\"769\" data-end=\"772\" \/>Soovitatav 3 m\u00e4ngijale korraga. Sobib lastele alates 3. eluaastast.<br data-start=\"839\" data-end=\"842\" \/><strong data-start=\"842\" data-end=\"861\">Batuudi m\u00f5\u00f5dud:<\/strong> 335 x 275 x 245 cm.<\/p>\n<p class=\"\" data-start=\"883\" data-end=\"896\"><strong data-start=\"883\" data-end=\"896\">Pakendis:<\/strong><\/p>\n<ul data-start=\"897\" data-end=\"1050\">\n<li class=\"\" data-start=\"897\" data-end=\"919\">\n<p class=\"\" data-start=\"899\" data-end=\"919\">Elektriline \u00f5hupuhur<\/p>\n<\/li>\n<li class=\"\" data-start=\"920\" data-end=\"964\">\n<p class=\"\" data-start=\"922\" data-end=\"964\">Vaiad turvaliseks maapinnale kinnitamiseks<\/p>\n<\/li>\n<li class=\"\" data-start=\"965\" data-end=\"1009\">\n<p class=\"\" data-start=\"967\" data-end=\"1009\">Materjal v\u00e4ikeste vigastuste parandamiseks<\/p>\n<\/li>\n<li class=\"\" data-start=\"1010\" data-end=\"1033\">\n<p class=\"\" data-start=\"1012\" data-end=\"1033\">Suur batuudi hoiukott<\/p>\n<\/li>\n<li class=\"\" data-start=\"1034\" data-end=\"1050\">\n<p class=\"\" data-start=\"1036\" data-end=\"1050\">Paigaldusjuhis<\/p>\n<\/li>\n<\/ul>\n<p class=\"\" data-start=\"1052\" data-end=\"1163\">Vastab Euroopa m\u00e4nguasjade ohutusstandarditele EN71, EN60335, EN62233 ja rangetele Ameerika ASTM standarditele.<\/p>\n","protected":false},"excerpt":{"rendered":"<p>Kas soovite luua oma lastele \u00f5uem\u00e4ngukoha, kus nad saavad tundide viisi l\u00f5butseda ja oma energiat kulutada? \u00d5hkbatuut&#8230;<\/p>\n","protected":false},"featured_media":78269,"template":"","meta":[],"etheme_brands":[],"product_brand":[],"product_cat":[286,374],"product_tag":[],"class_list":{"0":"post-80535","1":"product","2":"type-product","3":"status-publish","4":"has-post-thumbnail","6":"product_cat-dlya-detej","7":"product_cat-batuty","8":"tm-no-options","10":"first","11":"instock","12":"taxable","13":"shipping-taxable","14":"purchasable","15":"product-type-simple"},"_links":{"self":[{"href":"https:\/\/aialadu.ee\/ru\/wp-json\/wp\/v2\/product\/80535","targetHints":{"allow":["GET"]}}],"collection":[{"href":"https:\/\/aialadu.ee\/ru\/wp-json\/wp\/v2\/product"}],"about":[{"href":"https:\/\/aialadu.ee\/ru\/wp-json\/wp\/v2\/types\/product"}],"version-history":[{"count":0,"href":"https:\/\/aialadu.ee\/ru\/wp-json\/wp\/v2\/product\/80535\/revisions"}],"wp:featuredmedia":[{"embeddable":true,"href":"https:\/\/aialadu.ee\/ru\/wp-json\/wp\/v2\/media\/78269"}],"wp:attachment":[{"href":"https:\/\/aialadu.ee\/ru\/wp-json\/wp\/v2\/media?parent=80535"}],"wp:term":[{"taxonomy":"brand","embeddable":true,"href":"https:\/\/aialadu.ee\/ru\/wp-json\/wp\/v2\/etheme_brands?post=80535"},{"taxonomy":"product_brand","embeddable":true,"href":"https:\/\/aialadu.ee\/ru\/wp-json\/wp\/v2\/product_brand?post=80535"},{"taxonomy":"product_cat","embeddable":true,"href":"https:\/\/aialadu.ee\/ru\/wp-json\/wp\/v2\/product_cat?post=80535"},{"taxonomy":"product_tag","embeddable":true,"href":"https:\/\/aialadu.ee\/ru\/wp-json\/wp\/v2\/product_tag?post=80535"}],"curies":[{"name":"wp","href":"https:\/\/api.w.org\/{rel}","templated":true}]}}