{"id":61214,"date":"2022-06-14T12:09:02","date_gmt":"2022-06-14T10:09:02","guid":{"rendered":"https:\/\/aialadu.ee\/uncategorized\/stoveman-grill-profi\/"},"modified":"2022-06-14T12:09:02","modified_gmt":"2022-06-14T10:09:02","slug":"stoveman-grill-profi","status":"publish","type":"product","link":"https:\/\/aialadu.ee\/ru\/grili-i-pechi\/stoveman-grill-profi\/","title":{"rendered":"Stoveman Grill \u201cProfi\u201d"},"content":{"rendered":"<h3>Stoveman Grill \u201cProfi\u201d<\/h3>\n<p><strong>S<\/strong><strong>toveman GRILL PROFI on m\u00f5eldud lahtise tule tegemiseks ja toiduainete grillimiseks koduaeda, suvilasse, turismitallu ja maakodusse.<\/strong><\/p>\n<p>Profi on grill mida hindavad ka t\u00f5elised grillispetsid! Sellel grillimisvannil on \u00f5huavad nii k\u00fcljeosade alaservades kui ka vanni p\u00f5hjas mis tagavad \u00fchtlase \u00f5huvahetuse nii puudega kui ka grills\u00f6ega toimetades. Parima tulemuse saamiseks soovitame juurde soetatada kaane!<\/p>\n<p><strong>Grill PROFI komplekti kuulub:<\/strong><br \/>\n\u2013 GRILLVANN mis on valmistatud kvaliteetsest 3mm lehtterasest<br \/>\n\u2013 ROOSTEVABAST MATERJALIST GRILLIMISREST m\u00f5\u00f5tudega 39\u00d736,5cm<br \/>\n\u2013 JALAD mis on valmistatud \u00fcmartorust l\u00e4bim\u00f5\u00f5duga 30 mm<br \/>\n\u2013 ABILAUD mis on valmistatud 2mm lehtterasest<br \/>\n\u2013 Grillvanni alla on paigaldatud tuhavann mis on valmistataud 2mm lehtterasest<\/p>\n<p><strong>Lisad \/ valikud:<\/strong>\u00a0Soovi korral saate oma Profi grilli t\u00e4iendada liites tavakomplektile KATUSE v\u00f5i KAANE.<br \/>\nGrillil on kaks kasepuidust lakitud k\u00e4epidet. Kui komplekti kuuluvast \u00fchest grillrestist j\u00e4\u00e4b v\u00e4heks siis k\u00fcsige julgelt juurde lisarest.<\/p>\n<p>Grill on viimistletud k\u00f5rgeid temperatuure taluva kuumuskindla v\u00e4rviga.<\/p>\n<p>Grillimisel tohib kasutada vaid kvaliteetset puitu v\u00f5i spetsiaalset grills\u00fctt. Keelatud on muu p\u00f5leva materjali kasutamine!<\/p>\n<p><strong>\u00dcldandmed<\/strong><\/p>\n<ul class=\"list-unstyled\">\n<li><strong>Grillvann<\/strong>\u00a080 x 40 x 15cm(P\/S\/K)<\/li>\n<li><strong>\u00dcldlaius koos sangadega<\/strong>\u00a0101cm<\/li>\n<li><strong>\u00dcldk\u00f5rgus<\/strong>\u00a078cm<\/li>\n<li><strong>Pakendi m\u00f5\u00f5tmed<\/strong>\u00a0102 \u00d7 41 \u00d7 22 cm (P\/L\/K)<\/li>\n<li><strong>Kaal<\/strong>\u00a033 kg<\/li>\n<\/ul>\n","protected":false},"excerpt":{"rendered":"<p>Stoveman Grill \u201cProfi\u201d Stoveman GRILL PROFI on m\u00f5eldud lahtise tule tegemiseks ja toiduainete grillimiseks koduaeda, suvilasse, turismitallu&#8230;<\/p>\n","protected":false},"featured_media":60321,"template":"","meta":[],"etheme_brands":[],"product_brand":[],"product_cat":[376],"product_tag":[],"class_list":{"0":"post-61214","1":"product","2":"type-product","3":"status-publish","4":"has-post-thumbnail","6":"product_cat-grili-i-pechi","7":"tm-no-options","9":"first","10":"instock","11":"taxable","12":"shipping-taxable","13":"purchasable","14":"product-type-simple"},"_links":{"self":[{"href":"https:\/\/aialadu.ee\/ru\/wp-json\/wp\/v2\/product\/61214","targetHints":{"allow":["GET"]}}],"collection":[{"href":"https:\/\/aialadu.ee\/ru\/wp-json\/wp\/v2\/product"}],"about":[{"href":"https:\/\/aialadu.ee\/ru\/wp-json\/wp\/v2\/types\/product"}],"version-history":[{"count":0,"href":"https:\/\/aialadu.ee\/ru\/wp-json\/wp\/v2\/product\/61214\/revisions"}],"wp:featuredmedia":[{"embeddable":true,"href":"https:\/\/aialadu.ee\/ru\/wp-json\/wp\/v2\/media\/60321"}],"wp:attachment":[{"href":"https:\/\/aialadu.ee\/ru\/wp-json\/wp\/v2\/media?parent=61214"}],"wp:term":[{"taxonomy":"brand","embeddable":true,"href":"https:\/\/aialadu.ee\/ru\/wp-json\/wp\/v2\/etheme_brands?post=61214"},{"taxonomy":"product_brand","embeddable":true,"href":"https:\/\/aialadu.ee\/ru\/wp-json\/wp\/v2\/product_brand?post=61214"},{"taxonomy":"product_cat","embeddable":true,"href":"https:\/\/aialadu.ee\/ru\/wp-json\/wp\/v2\/product_cat?post=61214"},{"taxonomy":"product_tag","embeddable":true,"href":"https:\/\/aialadu.ee\/ru\/wp-json\/wp\/v2\/product_tag?post=61214"}],"curies":[{"name":"wp","href":"https:\/\/api.w.org\/{rel}","templated":true}]}}