{"id":60379,"date":"2022-06-14T12:09:04","date_gmt":"2022-06-14T10:09:04","guid":{"rendered":"https:\/\/aialadu.ee\/uncategorized\/stoveman-gril-piknik\/"},"modified":"2022-06-14T12:09:04","modified_gmt":"2022-06-14T10:09:04","slug":"stoveman-gril-piknik","status":"publish","type":"product","link":"https:\/\/aialadu.ee\/ru\/grili-i-pechi\/stoveman-gril-piknik\/","title":{"rendered":"Stoveman \u0413\u0440\u0438\u043b\u044c \u201cPiknik\u201d"},"content":{"rendered":"<h3>Stoveman \u0413\u0440\u0438\u043b\u044c \u201cPiknik\u201d<\/h3>\n<p><strong>Grill \u201ePiknik\u201c on m\u00f5eldud toiduainete k\u00fcpsetamiseks lahtisel tulel aias v\u00f5i mujal v\u00e4litingimustes.<\/strong><\/p>\n<p>GRILLVANN on valmistatud kvaliteetsest 2mm lehtterasest<\/p>\n<p>Grill on v\u00e4ike ja lihtsalt kokku pandav.<\/p>\n<p>Grillimisel tohib kasutada vaid kvaliteetset puitu v\u00f5i spetsiaalset grills\u00fctt. Keelatud on muu p\u00f5leva materjali kasutamine!<\/p>\n<p><strong>\u00dcldandmed<\/strong><\/p>\n<ul class=\"list-unstyled\">\n<li><strong>Pakendi m\u00f5\u00f5tmed<\/strong>\u00a028 \u00d7 40 \u00d7 37.5 cm (P\/L\/K)<\/li>\n<li><strong>Kaal<\/strong>\u00a07 kg<\/li>\n<\/ul>\n","protected":false},"excerpt":{"rendered":"<p>Stoveman \u0413\u0440\u0438\u043b\u044c \u201cPiknik\u201d Grill \u201ePiknik\u201c on m\u00f5eldud toiduainete k\u00fcpsetamiseks lahtisel tulel aias v\u00f5i mujal v\u00e4litingimustes. GRILLVANN on&#8230;<\/p>\n","protected":false},"featured_media":60335,"template":"","meta":[],"etheme_brands":[],"product_brand":[],"product_cat":[376],"product_tag":[],"class_list":{"0":"post-60379","1":"product","2":"type-product","3":"status-publish","4":"has-post-thumbnail","6":"product_cat-grili-i-pechi","7":"tm-no-options","9":"first","10":"instock","11":"taxable","12":"shipping-taxable","13":"purchasable","14":"product-type-simple"},"_links":{"self":[{"href":"https:\/\/aialadu.ee\/ru\/wp-json\/wp\/v2\/product\/60379","targetHints":{"allow":["GET"]}}],"collection":[{"href":"https:\/\/aialadu.ee\/ru\/wp-json\/wp\/v2\/product"}],"about":[{"href":"https:\/\/aialadu.ee\/ru\/wp-json\/wp\/v2\/types\/product"}],"version-history":[{"count":0,"href":"https:\/\/aialadu.ee\/ru\/wp-json\/wp\/v2\/product\/60379\/revisions"}],"wp:featuredmedia":[{"embeddable":true,"href":"https:\/\/aialadu.ee\/ru\/wp-json\/wp\/v2\/media\/60335"}],"wp:attachment":[{"href":"https:\/\/aialadu.ee\/ru\/wp-json\/wp\/v2\/media?parent=60379"}],"wp:term":[{"taxonomy":"brand","embeddable":true,"href":"https:\/\/aialadu.ee\/ru\/wp-json\/wp\/v2\/etheme_brands?post=60379"},{"taxonomy":"product_brand","embeddable":true,"href":"https:\/\/aialadu.ee\/ru\/wp-json\/wp\/v2\/product_brand?post=60379"},{"taxonomy":"product_cat","embeddable":true,"href":"https:\/\/aialadu.ee\/ru\/wp-json\/wp\/v2\/product_cat?post=60379"},{"taxonomy":"product_tag","embeddable":true,"href":"https:\/\/aialadu.ee\/ru\/wp-json\/wp\/v2\/product_tag?post=60379"}],"curies":[{"name":"wp","href":"https:\/\/api.w.org\/{rel}","templated":true}]}}