{"id":60378,"date":"2022-06-14T12:09:03","date_gmt":"2022-06-14T10:09:03","guid":{"rendered":"https:\/\/aialadu.ee\/uncategorized\/stoveman-gril-turismo\/"},"modified":"2022-08-24T11:08:56","modified_gmt":"2022-08-24T09:08:56","slug":"stoveman-gril-turismo","status":"publish","type":"product","link":"https:\/\/aialadu.ee\/ru\/grili-i-pechi\/stoveman-gril-turismo\/","title":{"rendered":"Stoveman \u0413\u0440\u0438\u043b\u044c \u201cTurismo\u201d"},"content":{"rendered":"<h3>Stoveman Grill \u201cTurismo\u201d<\/h3>\n<p><b>Stoveman GRILL TURISMO on m\u00f5eldud lahtise tule tegemiseks ja toiduainete grillimiseks koduaeda, suvilasse, turismitallu maakodusse v\u00f5i isegi matkale<br \/>\n<\/b><\/p>\n<p><b>Grill Turismo komplekti kuulub:<\/b><br \/>\n\u2013 GRILLVANN mis on valmistatud kvaliteetsest 2mm lehtterasest<br \/>\n\u2013 GRILLIMISREST mis on valmistatud mustast metallv\u00f5rgust<br \/>\n\u2013 JALAD<\/p>\n<p>Grill on v\u00e4ike ja lihtsalt kokku pandav.<\/p>\n<p>Grillimisel tohib kasutada vaid kvaliteetset puitu v\u00f5i spetsiaalset grills\u00fctt. Keelatud on muu p\u00f5leva materjali kasutamine!<\/p>\n<p><strong>\u00dcldandmed<\/strong><\/p>\n<ul class=\"list-unstyled\">\n<li><strong>Pakendi m\u00f5\u00f5tmed<\/strong>\u00a042 \u00d7 26 \u00d7 18 cm (P\/L\/K)<\/li>\n<li><strong>Kaal<\/strong>\u00a08 kg<\/li>\n<\/ul>\n","protected":false},"excerpt":{"rendered":"<p>Stoveman Grill \u201cTurismo\u201d Stoveman GRILL TURISMO on m\u00f5eldud lahtise tule tegemiseks ja toiduainete grillimiseks koduaeda, suvilasse, turismitallu&#8230;<\/p>\n","protected":false},"featured_media":60333,"template":"","meta":[],"etheme_brands":[],"product_brand":[],"product_cat":[376],"product_tag":[],"class_list":{"0":"post-60378","1":"product","2":"type-product","3":"status-publish","4":"has-post-thumbnail","6":"product_cat-grili-i-pechi","7":"tm-no-options","9":"first","10":"instock","11":"taxable","12":"shipping-taxable","13":"purchasable","14":"product-type-simple"},"_links":{"self":[{"href":"https:\/\/aialadu.ee\/ru\/wp-json\/wp\/v2\/product\/60378","targetHints":{"allow":["GET"]}}],"collection":[{"href":"https:\/\/aialadu.ee\/ru\/wp-json\/wp\/v2\/product"}],"about":[{"href":"https:\/\/aialadu.ee\/ru\/wp-json\/wp\/v2\/types\/product"}],"version-history":[{"count":0,"href":"https:\/\/aialadu.ee\/ru\/wp-json\/wp\/v2\/product\/60378\/revisions"}],"wp:featuredmedia":[{"embeddable":true,"href":"https:\/\/aialadu.ee\/ru\/wp-json\/wp\/v2\/media\/60333"}],"wp:attachment":[{"href":"https:\/\/aialadu.ee\/ru\/wp-json\/wp\/v2\/media?parent=60378"}],"wp:term":[{"taxonomy":"brand","embeddable":true,"href":"https:\/\/aialadu.ee\/ru\/wp-json\/wp\/v2\/etheme_brands?post=60378"},{"taxonomy":"product_brand","embeddable":true,"href":"https:\/\/aialadu.ee\/ru\/wp-json\/wp\/v2\/product_brand?post=60378"},{"taxonomy":"product_cat","embeddable":true,"href":"https:\/\/aialadu.ee\/ru\/wp-json\/wp\/v2\/product_cat?post=60378"},{"taxonomy":"product_tag","embeddable":true,"href":"https:\/\/aialadu.ee\/ru\/wp-json\/wp\/v2\/product_tag?post=60378"}],"curies":[{"name":"wp","href":"https:\/\/api.w.org\/{rel}","templated":true}]}}