{"id":51833,"date":"2021-04-07T10:36:28","date_gmt":"2021-04-07T08:36:32","guid":{"rendered":"https:\/\/aialadu.ee\/?post_type=product&#038;p=51833"},"modified":"2025-04-15T13:11:46","modified_gmt":"2025-04-15T11:11:46","slug":"naves-dlya-terrasy-antraczit","status":"publish","type":"product","link":"https:\/\/aialadu.ee\/ru\/navesy\/naves-dlya-terrasy-antraczit\/","title":{"rendered":"\u041d\u0430\u0432\u0435\u0441 \u0434\u043b\u044f \u0442\u0435\u0440\u0440\u0430\u0441\u044b, \u0430\u043d\u0442\u0440\u0430\u0446\u0438\u0442"},"content":{"rendered":"<h3>\u041d\u0430\u0432\u0435\u0441 \u0434\u043b\u044f \u0442\u0435\u0440\u0440\u0430\u0441\u044b, \u0430\u043d\u0442\u0440\u0430\u0446\u0438\u0442<\/h3>\n<p>Varikatuse raam on tugevast ALU (alumiinium) profiilist, mis on pulberv\u00e4rvitud.<\/p>\n<p>K\u00f5ik mudelid on olemas nii valge kui ka antratsiit (tumehall). Kihtplastik varikatusel on eritugevusega,<\/p>\n<p>talub lumekoormust 150kg\/m2. Kihtplastik varikatusel on klick-s\u00fcsteemiga ja ei n\u00f5ua vaheprofiile (H-liiste, mis muidu tolmu koguvad).<\/p>\n<p>Kihtplastiku alumine pool on p\u00e4ikest hajutav, j\u00e4\u00e4-tonaalne (ei ole l\u00e4bipaistev, nagu tavaline kihtplastik).<\/p>\n<p>Kihtplastiku k\u00f5ik 4 k\u00fclge on tehases termiliselt suletud, see v\u00e4listab igasugu mustuse ja niiskuse sattumise plaadi sisemusse.<\/p>\n<p>Varikatusel on sisseehitatud vihmavee s\u00fcsteem (esiotsas).<\/p>\n<p>Varikatuse k\u00f5ik tugipostid ja esimene tugilatt katuse all, on liigutatavad vastavalt vajadusele, m\u00f6\u00f6da juhtsiini.<\/p>\n<p>Samuti seinakinnituse k\u00f5rgus on varieeruv ca 50cm, vastavalt vajadusele.<\/p>\n<p>Komplektis on\u00a0k\u00f5ik detailid, mis on vajalikud antud varikatuse paigaldamiseks.<\/p>\n<p>Varikatuse paigaldus v\u00f5tab aega 5-6 tundi (kahel inimesel).<\/p>\n<div><\/div>\n<div>\n<h3>Terrace roofing, just like the professionals<\/h3>\n<p>Allow your imagination to run wild: Gutta\u2019s assembly kits, which include mounting material, make installing patio roofs and other types of roofing around the house easy, uncomplicated, and safe. With our patio roof kit and some craftsmanship, you can install roofing in true professional quality. Our durable, sturdy design offers a variety of possibilities for long-term roofing solutions around the house.<\/p>\n<h3>Simple and flexible roof mounting<\/h3>\n<p>In the long run, quality always pays off. Take Gutta\u2019s terrace roof kits for example \u2013 a professional, durable quality roof. Made of polycarbonate multi-wall sheets, the metal frame construction features a transparent roof and is fit for a wide variety of uses. It also withstands wind and weather. Moreover, thanks to their narrow profile cross-sections, all Gutta roofs are particularly elegant and slim. Simply select from a roof depth of 3 or 4 metres according to your plans, and you\u2019re ready to go.<\/p>\n<h3>Durable, weatherproof roofing for your terrace<\/h3>\n<p>The columns, girders and rafters are all made of durable aluminium. All visible metal profiles are powder-coated ex-works in white or anthracite, keeping your roof in peak condition for years to come. An integrated gutter is also included. The terrace roofing further offers great stability, withstanding snow loads of up to 150 kg \/ square metre effortlessly. The roof is made of 10 mm multi-wall panels, allowing it to retain its brilliant appearance over many years.<\/p>\n<h3>A world of possibilities for professional roofing<\/h3>\n<p>Gutta roof kits let you do it all \u2013 not only terrace roofing. Whether they are intended for a terrace, patio, pergola, carport, courtyard roofing or another project, our attractive sets will let you accomplish your project easily and quickly. And you can rest easy with a ten-year warranty (as defined in the terms). Top quality pays off permanently.<\/p>\n<h3>Straightforward and flexible assembly<\/h3>\n<p>With Gutta kits, your terrace roofing is guaranteed to be a success. The kits also give you great flexibility; you can adapt assembly to fit your needs. Both the crossbeams and the posts are adjustable up to 60 cm. Their variable ridge height and adjustable support posts provide even greater flexibility.<\/p>\n<h3>Extension module for large roofs<\/h3>\n<p>That\u2019s not all: Our 120 cm expansion module allows for a theoretically infinite extension of models that are 5.46 m in width. This leaves you free to use the entire length of the building as a parking space for cars, bicycles or gardening equipment. The module consists of a front support (purlin), rain gutter, wall bracket, two rafters, two plates and a jamb, and can be built into the middle of 5.46 m wide two-piece models.<\/p>\n<p><strong>This results in the following expansion options:<\/strong><\/p>\n<p>+ 1 module: 5.46 m + 1.2 m = 6.66 m<\/p>\n<p>+ 2 modules: 5.46 m + 2 x 1.2 m = 7.86 m<\/p>\n<p>+ 3 modules: 5.46 m + 3 x 1.2 m = 9.06 m<\/p>\n<p>+ 4 modules: 5.46 m + 4 x 1.2 m = 10.26 m<\/p>\n<p>+ 5 modules: 5.46 m + 5 x 1.2 m = 11.46 m<\/p>\n<p>+ 6 modules: 5.46 m + 6 x 1.2 m = 12.66 m, etc.<\/p>\n<\/div>\n<p>&nbsp;<\/p>\n<p>&nbsp;<\/p>\n<table class=\"ptechdata\">\n<tbody>\n<tr>\n<td><img loading=\"lazy\" loading=\"lazy\" decoding=\"async\" class=\"alignnone size-full wp-image-17125 lazyloaded\" src=\"https:\/\/www.gutta.de\/wp-content\/uploads\/2018\/06\/csm_4293153_Terrassendach_anthrazit_3x3m_159312d3f4.jpg\" sizes=\"auto, (max-width: 300px) 100vw, 300px\" srcset=\"https:\/\/www.gutta.com\/wp-content\/uploads\/2018\/06\/csm_4293153_Terrassendach_anthrazit_3x3m_159312d3f4.jpg 300w, https:\/\/www.gutta.com\/wp-content\/uploads\/2018\/06\/csm_4293153_Terrassendach_anthrazit_3x3m_159312d3f4-100x67.jpg 100w\" alt=\"Terrassendach anthrazit 3x3m\" width=\"300\" height=\"200\" data-ll-status=\"loaded\" title=\"\"><\/td>\n<td><strong>Type A<\/strong><br \/>\nDimensions: 3.06 x 3.06 m<br \/>\nSurface: 9,36 m\u00b2<br \/>\nNumber of posts: 2<br \/>\nNumber of panels: 5<br \/>\nWeight: 68 kg<br \/>\nColours: white or anthracite<\/td>\n<\/tr>\n<tr>\n<td><img loading=\"lazy\" loading=\"lazy\" decoding=\"async\" class=\"alignnone size-full wp-image-17122 lazyloaded\" src=\"https:\/\/www.gutta.de\/wp-content\/uploads\/2018\/06\/csm_4293106_Terrassendach_weiss_3x4m_2334b3b3c9.jpg\" sizes=\"auto, (max-width: 300px) 100vw, 300px\" srcset=\"https:\/\/www.gutta.com\/wp-content\/uploads\/2018\/06\/csm_4293106_Terrassendach_weiss_3x4m_2334b3b3c9.jpg 300w, https:\/\/www.gutta.com\/wp-content\/uploads\/2018\/06\/csm_4293106_Terrassendach_weiss_3x4m_2334b3b3c9-100x67.jpg 100w\" alt=\"Terrassendach wei\u00df 3x4m\" width=\"300\" height=\"200\" data-ll-status=\"loaded\" title=\"\"><\/td>\n<td><strong>Type B<\/strong><br \/>\nDimensions: 4.26 x 3.06 m<br \/>\nSurface: 13,03 m\u00b2<br \/>\nNumber of posts: 3<br \/>\nNumber of plates: 7<br \/>\nWeight: 98 kg<br \/>\nColours: white or anthracite<\/td>\n<\/tr>\n<tr>\n<td><img loading=\"lazy\" loading=\"lazy\" decoding=\"async\" class=\"alignnone size-full wp-image-17126 lazyloaded\" src=\"https:\/\/www.gutta.de\/wp-content\/uploads\/2018\/06\/csm_4293159_Terrassendach_anthrazit_3x5m_fc91bd74f1.jpg\" sizes=\"auto, (max-width: 300px) 100vw, 300px\" srcset=\"https:\/\/www.gutta.com\/wp-content\/uploads\/2018\/06\/csm_4293159_Terrassendach_anthrazit_3x5m_fc91bd74f1.jpg 300w, https:\/\/www.gutta.com\/wp-content\/uploads\/2018\/06\/csm_4293159_Terrassendach_anthrazit_3x5m_fc91bd74f1-100x67.jpg 100w\" alt=\"Terrassendach anthrazit 3x5m\" width=\"300\" height=\"200\" data-ll-status=\"loaded\" title=\"\"><\/td>\n<td><strong>Type C<\/strong><br \/>\nDimensions: 5.46 x 3.06 m<br \/>\nSurface: 16,70 m\u00b2<br \/>\nNumber of posts: 3<br \/>\nNumber of panels: 9<br \/>\nWeight: 128 kg<br \/>\nColours: white or anthracite<\/td>\n<\/tr>\n<tr>\n<td><img loading=\"lazy\" loading=\"lazy\" decoding=\"async\" class=\"alignnone size-full wp-image-17123 lazyloaded\" src=\"https:\/\/www.gutta.de\/wp-content\/uploads\/2018\/06\/csm_4293112_Terrassendach_weiss_4x3m_83293df8ab.jpg\" sizes=\"auto, (max-width: 300px) 100vw, 300px\" srcset=\"https:\/\/www.gutta.com\/wp-content\/uploads\/2018\/06\/csm_4293112_Terrassendach_weiss_4x3m_83293df8ab.jpg 300w, https:\/\/www.gutta.com\/wp-content\/uploads\/2018\/06\/csm_4293112_Terrassendach_weiss_4x3m_83293df8ab-100x67.jpg 100w\" alt=\"Terrassendach wei\u00df 4x3m\" width=\"300\" height=\"200\" data-ll-status=\"loaded\" title=\"\"><\/td>\n<td><strong>Type D<\/strong><br \/>\nDimensions: 3.06 x 4.06 m<br \/>\nSurface: 12,42 m\u00b2<br \/>\nNumber of posts: 2<br \/>\nNumber of panels: 5<br \/>\nWeight: 96 kg<br \/>\nColours: white or anthracite<\/td>\n<\/tr>\n<tr>\n<td><img loading=\"lazy\" loading=\"lazy\" decoding=\"async\" class=\"alignnone size-full wp-image-17127 lazyloaded\" src=\"https:\/\/www.gutta.de\/wp-content\/uploads\/2018\/06\/csm_4293165_Terrassendach_anthrazit_4x4m_15b806f824.jpg\" sizes=\"auto, (max-width: 300px) 100vw, 300px\" srcset=\"https:\/\/www.gutta.com\/wp-content\/uploads\/2018\/06\/csm_4293165_Terrassendach_anthrazit_4x4m_15b806f824.jpg 300w, https:\/\/www.gutta.com\/wp-content\/uploads\/2018\/06\/csm_4293165_Terrassendach_anthrazit_4x4m_15b806f824-100x67.jpg 100w\" alt=\"Terrassendach anthrazit 4x4m\" width=\"300\" height=\"200\" data-ll-status=\"loaded\" title=\"\"><\/td>\n<td><strong>Type E<\/strong><br \/>\nDimensions: 4.26 x 4.06 m<br \/>\nSurface: 17,30 m\u00b2<br \/>\nNumber of posts: 3<br \/>\nNumber of plates: 7<br \/>\nWeight: 128 kg<br \/>\nColours: white or anthracite<\/td>\n<\/tr>\n<tr>\n<td><img loading=\"lazy\" loading=\"lazy\" decoding=\"async\" class=\"alignnone size-full wp-image-17124 lazyloaded\" src=\"https:\/\/www.gutta.de\/wp-content\/uploads\/2018\/06\/csm_4293118_Terrassendach_weiss_4x5m_f978a1d8fb.jpg\" sizes=\"auto, (max-width: 300px) 100vw, 300px\" srcset=\"https:\/\/www.gutta.com\/wp-content\/uploads\/2018\/06\/csm_4293118_Terrassendach_weiss_4x5m_f978a1d8fb.jpg 300w, https:\/\/www.gutta.com\/wp-content\/uploads\/2018\/06\/csm_4293118_Terrassendach_weiss_4x5m_f978a1d8fb-100x67.jpg 100w\" alt=\"Terrassendach wei\u00df 4x5m\" width=\"300\" height=\"200\" data-ll-status=\"loaded\" title=\"\"><\/td>\n<td><strong>Type F<\/strong><br \/>\nDimensions: 5.46 x 4.06 m<br \/>\nSurface: 22,17 m\u00b2<br \/>\nNumber of posts: 3<br \/>\nNumber of panels: 9<br \/>\nWeight: 156 kg<br \/>\nColors: white or anthracite<\/td>\n<\/tr>\n<\/tbody>\n<\/table>\n","protected":false},"excerpt":{"rendered":"<p>\u041d\u0430\u0432\u0435\u0441 \u0434\u043b\u044f \u0442\u0435\u0440\u0440\u0430\u0441\u044b, \u0430\u043d\u0442\u0440\u0430\u0446\u0438\u0442 Varikatuse raam on tugevast ALU (alumiinium) profiilist, mis on pulberv\u00e4rvitud. K\u00f5ik mudelid on&#8230;<\/p>\n","protected":false},"featured_media":51841,"template":"","meta":[],"etheme_brands":[],"product_brand":[],"product_cat":[367,358],"product_tag":[],"class_list":{"0":"post-51833","1":"product","2":"type-product","3":"status-publish","4":"has-post-thumbnail","6":"product_cat-navesy","7":"product_cat-dlja-sada","8":"tm-has-options","10":"first","11":"instock","12":"taxable","13":"shipping-taxable","14":"purchasable","15":"product-type-variable","16":"has-default-attributes"},"_links":{"self":[{"href":"https:\/\/aialadu.ee\/ru\/wp-json\/wp\/v2\/product\/51833","targetHints":{"allow":["GET"]}}],"collection":[{"href":"https:\/\/aialadu.ee\/ru\/wp-json\/wp\/v2\/product"}],"about":[{"href":"https:\/\/aialadu.ee\/ru\/wp-json\/wp\/v2\/types\/product"}],"version-history":[{"count":1,"href":"https:\/\/aialadu.ee\/ru\/wp-json\/wp\/v2\/product\/51833\/revisions"}],"predecessor-version":[{"id":80231,"href":"https:\/\/aialadu.ee\/ru\/wp-json\/wp\/v2\/product\/51833\/revisions\/80231"}],"wp:featuredmedia":[{"embeddable":true,"href":"https:\/\/aialadu.ee\/ru\/wp-json\/wp\/v2\/media\/51841"}],"wp:attachment":[{"href":"https:\/\/aialadu.ee\/ru\/wp-json\/wp\/v2\/media?parent=51833"}],"wp:term":[{"taxonomy":"brand","embeddable":true,"href":"https:\/\/aialadu.ee\/ru\/wp-json\/wp\/v2\/etheme_brands?post=51833"},{"taxonomy":"product_brand","embeddable":true,"href":"https:\/\/aialadu.ee\/ru\/wp-json\/wp\/v2\/product_brand?post=51833"},{"taxonomy":"product_cat","embeddable":true,"href":"https:\/\/aialadu.ee\/ru\/wp-json\/wp\/v2\/product_cat?post=51833"},{"taxonomy":"product_tag","embeddable":true,"href":"https:\/\/aialadu.ee\/ru\/wp-json\/wp\/v2\/product_tag?post=51833"}],"curies":[{"name":"wp","href":"https:\/\/api.w.org\/{rel}","templated":true}]}}