{"id":8512,"date":"2017-03-10T23:46:11","date_gmt":"2017-03-10T21:46:11","guid":{"rendered":"https:\/\/aialadu.eu\/%d1%80%d0%b0%d1%81%d1%81%d1%80%d0%be%d1%87%d0%ba%d0%b0\/"},"modified":"2024-01-25T10:38:31","modified_gmt":"2024-01-25T08:38:31","slug":"rassrochka","status":"publish","type":"page","link":"https:\/\/aialadu.ee\/ru\/rassrochka\/","title":{"rendered":"\u0420\u0430\u0441\u0441\u0440\u043e\u0447\u043a\u0430"},"content":{"rendered":"\t\t<div data-elementor-type=\"wp-page\" data-elementor-id=\"8512\" class=\"elementor elementor-8512 elementor-5102\">\n\t\t\t\t<div class=\"elementor-element elementor-element-bc3c616 e-flex e-con-boxed e-con e-parent\" data-id=\"bc3c616\" data-element_type=\"container\" data-e-type=\"container\">\n\t\t\t\t\t<div class=\"e-con-inner\">\n\t\t\t\t<div class=\"elementor-element elementor-element-215c70b elementor-widget elementor-widget-heading\" data-id=\"215c70b\" data-element_type=\"widget\" data-e-type=\"widget\" data-widget_type=\"heading.default\">\n\t\t\t\t<div class=\"elementor-widget-container\">\n\t\t\t\t\t<h1 class=\"elementor-heading-title elementor-size-default\">Tasu toodete eest Sulle sobivas tempos! <\/h1>\t\t\t\t<\/div>\n\t\t\t\t<\/div>\n\t\t\t\t<div class=\"elementor-element elementor-element-73f237c elementor-widget-divider--view-line_icon elementor-view-default elementor-widget-divider--element-align-center elementor-widget elementor-widget-divider\" data-id=\"73f237c\" data-element_type=\"widget\" data-e-type=\"widget\" data-widget_type=\"divider.default\">\n\t\t\t\t<div class=\"elementor-widget-container\">\n\t\t\t\t\t\t\t<div class=\"elementor-divider\">\n\t\t\t<span class=\"elementor-divider-separator\">\n\t\t\t\t\t\t\t<div class=\"elementor-icon elementor-divider__element\">\n\t\t\t\t\t<i aria-hidden=\"true\" class=\"et-icon et-money-bag\"><\/i><\/div>\n\t\t\t\t\t\t<\/span>\n\t\t<\/div>\n\t\t\t\t\t\t<\/div>\n\t\t\t\t<\/div>\n\t\t\t\t\t<\/div>\n\t\t\t\t<\/div>\n\t\t<div class=\"elementor-element elementor-element-d4b247b e-flex e-con-boxed e-con e-parent\" data-id=\"d4b247b\" data-element_type=\"container\" data-e-type=\"container\">\n\t\t\t\t\t<div class=\"e-con-inner\">\n\t\t<div class=\"elementor-element elementor-element-1b3ced8 e-con-full e-flex e-con e-child\" data-id=\"1b3ced8\" data-element_type=\"container\" data-e-type=\"container\">\n\t\t\t\t<div class=\"elementor-element elementor-element-69ebe72 elementor-align-right elementor-widget elementor-widget-text_button\" data-id=\"69ebe72\" data-element_type=\"widget\" data-e-type=\"widget\" data-widget_type=\"text_button.default\">\n\t\t\t\t<div class=\"elementor-widget-container\">\n\t\t\t\t\t<div class=\"etheme-button-wrapper\"><a href=\"#Placet\" class=\"fill-bottom has-fill etheme-text-button elementor-button\" role=\"button\">\n        <span class=\"elementor-button-content-wrapper\">\n            \n\t\t\t<span class=\"elementor-button-text\">Placet J\u00e4relmaks<\/span>\n\n            \n            \n        <\/span><\/a><\/div>\t\t\t\t<\/div>\n\t\t\t\t<\/div>\n\t\t\t\t<\/div>\n\t\t<div class=\"elementor-element elementor-element-17072fb e-con-full e-flex e-con e-child\" data-id=\"17072fb\" data-element_type=\"container\" data-e-type=\"container\">\n\t\t\t\t<div class=\"elementor-element elementor-element-11a971e elementor-align-center elementor-widget elementor-widget-text_button\" data-id=\"11a971e\" data-element_type=\"widget\" data-e-type=\"widget\" data-widget_type=\"text_button.default\">\n\t\t\t\t<div class=\"elementor-widget-container\">\n\t\t\t\t\t<div class=\"etheme-button-wrapper\"><a href=\"#Liisi\" class=\"fill-bottom has-fill etheme-text-button elementor-button\" role=\"button\">\n        <span class=\"elementor-button-content-wrapper\">\n            \n\t\t\t<span class=\"elementor-button-text\">Liisi J\u00e4relmaks<\/span>\n\n            \n            \n        <\/span><\/a><\/div>\t\t\t\t<\/div>\n\t\t\t\t<\/div>\n\t\t\t\t<\/div>\n\t\t<div class=\"elementor-element elementor-element-6afa82c e-con-full e-flex e-con e-child\" data-id=\"6afa82c\" data-element_type=\"container\" data-e-type=\"container\">\n\t\t\t\t<div class=\"elementor-element elementor-element-e5a1da2 elementor-align-left elementor-widget elementor-widget-text_button\" data-id=\"e5a1da2\" data-element_type=\"widget\" data-e-type=\"widget\" data-widget_type=\"text_button.default\">\n\t\t\t\t<div class=\"elementor-widget-container\">\n\t\t\t\t\t<div class=\"etheme-button-wrapper\"><a href=\"#Esto\" class=\"fill-bottom has-fill etheme-text-button elementor-button\" role=\"button\">\n        <span class=\"elementor-button-content-wrapper\">\n            \n\t\t\t<span class=\"elementor-button-text\">ESTO J\u00e4relmaks<\/span>\n\n            \n            \n        <\/span><\/a><\/div>\t\t\t\t<\/div>\n\t\t\t\t<\/div>\n\t\t\t\t<\/div>\n\t\t\t\t\t<\/div>\n\t\t\t\t<\/div>\n\t\t<div class=\"elementor-element elementor-element-45b750f e-flex e-con-boxed e-con e-parent\" data-id=\"45b750f\" data-element_type=\"container\" data-e-type=\"container\">\n\t\t\t\t\t<div class=\"e-con-inner\">\n\t\t\t\t<div class=\"elementor-element elementor-element-94c8c82 elementor-widget elementor-widget-spacer\" data-id=\"94c8c82\" data-element_type=\"widget\" data-e-type=\"widget\" data-widget_type=\"spacer.default\">\n\t\t\t\t<div class=\"elementor-widget-container\">\n\t\t\t\t\t\t\t<div class=\"elementor-spacer\">\n\t\t\t<div class=\"elementor-spacer-inner\"><\/div>\n\t\t<\/div>\n\t\t\t\t\t\t<\/div>\n\t\t\t\t<\/div>\n\t\t\t\t<div class=\"elementor-element elementor-element-3c36a5b elementor-widget elementor-widget-menu-anchor\" data-id=\"3c36a5b\" data-element_type=\"widget\" data-e-type=\"widget\" data-widget_type=\"menu-anchor.default\">\n\t\t\t\t<div class=\"elementor-widget-container\">\n\t\t\t\t\t\t\t<div class=\"elementor-menu-anchor\" id=\"Placet\"><\/div>\n\t\t\t\t\t\t<\/div>\n\t\t\t\t<\/div>\n\t\t\t\t<div class=\"elementor-element elementor-element-96c5458 elementor-widget elementor-widget-heading\" data-id=\"96c5458\" data-element_type=\"widget\" data-e-type=\"widget\" data-widget_type=\"heading.default\">\n\t\t\t\t<div class=\"elementor-widget-container\">\n\t\t\t\t\t<h1 class=\"elementor-heading-title elementor-size-default\">Placet J\u00e4relmaks<\/h1>\t\t\t\t<\/div>\n\t\t\t\t<\/div>\n\t\t\t\t<div class=\"elementor-element elementor-element-00fa2e4 elementor-widget-divider--view-line elementor-widget elementor-widget-divider\" data-id=\"00fa2e4\" data-element_type=\"widget\" data-e-type=\"widget\" data-widget_type=\"divider.default\">\n\t\t\t\t<div class=\"elementor-widget-container\">\n\t\t\t\t\t\t\t<div class=\"elementor-divider\">\n\t\t\t<span class=\"elementor-divider-separator\">\n\t\t\t\t\t\t<\/span>\n\t\t<\/div>\n\t\t\t\t\t\t<\/div>\n\t\t\t\t<\/div>\n\t\t\t\t<div class=\"elementor-element elementor-element-a48365e etheme-parallax-scroll_effects elementor-widget elementor-widget-html\" data-id=\"a48365e\" data-element_type=\"widget\" data-e-type=\"widget\" data-settings=\"{&quot;etheme_parallax&quot;:&quot;yes&quot;,&quot;etheme_parallax_scroll_y&quot;:-80,&quot;etheme_parallax_type&quot;:&quot;scroll_effects&quot;,&quot;etheme_parallax_scroll_scale&quot;:{&quot;unit&quot;:&quot;px&quot;,&quot;size&quot;:1,&quot;sizes&quot;:[]},&quot;etheme_parallax_scroll_x&quot;:0,&quot;etheme_parallax_scroll_z&quot;:0,&quot;etheme_parallax_scroll_rotate&quot;:{&quot;unit&quot;:&quot;px&quot;,&quot;size&quot;:0,&quot;sizes&quot;:[]},&quot;etheme_parallax_scroll_perspective&quot;:{&quot;unit&quot;:&quot;px&quot;,&quot;size&quot;:800,&quot;sizes&quot;:[]},&quot;etheme_parallax_scroll_smoothness&quot;:{&quot;unit&quot;:&quot;px&quot;,&quot;size&quot;:30,&quot;sizes&quot;:[]}}\" data-widget_type=\"html.default\">\n\t\t\t\t<div class=\"elementor-widget-container\">\n\t\t\t\t\t\r\n  \r\n  <iframe class =\"jarelmaks-iframe\" src=\"https:\/\/online.placet.ee\/estmarket\/iframeLarge\" height=\"1900px\"><\/iframe>\t\t\t\t<\/div>\n\t\t\t\t<\/div>\n\t\t\t\t<div class=\"elementor-element elementor-element-320693d elementor-widget elementor-widget-menu-anchor\" data-id=\"320693d\" data-element_type=\"widget\" data-e-type=\"widget\" data-widget_type=\"menu-anchor.default\">\n\t\t\t\t<div class=\"elementor-widget-container\">\n\t\t\t\t\t\t\t<div class=\"elementor-menu-anchor\" id=\"Liisi\"><\/div>\n\t\t\t\t\t\t<\/div>\n\t\t\t\t<\/div>\n\t\t\t\t<div class=\"elementor-element elementor-element-1910d5c elementor-widget elementor-widget-heading\" data-id=\"1910d5c\" data-element_type=\"widget\" data-e-type=\"widget\" data-widget_type=\"heading.default\">\n\t\t\t\t<div class=\"elementor-widget-container\">\n\t\t\t\t\t<h1 class=\"elementor-heading-title elementor-size-default\">Liisi J\u00e4relmaks<\/h1>\t\t\t\t<\/div>\n\t\t\t\t<\/div>\n\t\t\t\t<div class=\"elementor-element elementor-element-7c32d89 elementor-widget-divider--view-line elementor-widget elementor-widget-divider\" data-id=\"7c32d89\" data-element_type=\"widget\" data-e-type=\"widget\" data-widget_type=\"divider.default\">\n\t\t\t\t<div class=\"elementor-widget-container\">\n\t\t\t\t\t\t\t<div class=\"elementor-divider\">\n\t\t\t<span class=\"elementor-divider-separator\">\n\t\t\t\t\t\t<\/span>\n\t\t<\/div>\n\t\t\t\t\t\t<\/div>\n\t\t\t\t<\/div>\n\t\t\t\t<div class=\"elementor-element elementor-element-e3e9663 elementor-widget elementor-widget-html\" data-id=\"e3e9663\" data-element_type=\"widget\" data-e-type=\"widget\" data-widget_type=\"html.default\">\n\t\t\t\t<div class=\"elementor-widget-container\">\n\t\t\t\t\t<iframe style=\"height:600px;\" src=\"https:\/\/www.holmbank.ee\/iframed\/maksekeskus-iframe-1\/\" title=\"Holm Bank\">\r\n<\/iframe>\t\t\t\t<\/div>\n\t\t\t\t<\/div>\n\t\t\t\t<div class=\"elementor-element elementor-element-21667c1 elementor-widget elementor-widget-menu-anchor\" data-id=\"21667c1\" data-element_type=\"widget\" data-e-type=\"widget\" data-widget_type=\"menu-anchor.default\">\n\t\t\t\t<div class=\"elementor-widget-container\">\n\t\t\t\t\t\t\t<div class=\"elementor-menu-anchor\" id=\"Esto\"><\/div>\n\t\t\t\t\t\t<\/div>\n\t\t\t\t<\/div>\n\t\t\t\t<div class=\"elementor-element elementor-element-52d6c6b elementor-widget elementor-widget-heading\" data-id=\"52d6c6b\" data-element_type=\"widget\" data-e-type=\"widget\" data-widget_type=\"heading.default\">\n\t\t\t\t<div class=\"elementor-widget-container\">\n\t\t\t\t\t<h1 class=\"elementor-heading-title elementor-size-default\">ESTO J\u00e4relmaks<\/h1>\t\t\t\t<\/div>\n\t\t\t\t<\/div>\n\t\t\t\t<div class=\"elementor-element elementor-element-7731e73 elementor-widget-divider--view-line elementor-widget elementor-widget-divider\" data-id=\"7731e73\" data-element_type=\"widget\" data-e-type=\"widget\" data-widget_type=\"divider.default\">\n\t\t\t\t<div class=\"elementor-widget-container\">\n\t\t\t\t\t\t\t<div class=\"elementor-divider\">\n\t\t\t<span class=\"elementor-divider-separator\">\n\t\t\t\t\t\t<\/span>\n\t\t<\/div>\n\t\t\t\t\t\t<\/div>\n\t\t\t\t<\/div>\n\t\t\t\t\t<\/div>\n\t\t\t\t<\/div>\n\t\t<div class=\"elementor-element elementor-element-e75ff23 e-flex e-con-boxed e-con e-parent\" data-id=\"e75ff23\" data-element_type=\"container\" data-e-type=\"container\">\n\t\t\t\t\t<div class=\"e-con-inner\">\n\t\t<div class=\"elementor-element elementor-element-ca458c6 e-con-full e-flex e-con e-child\" data-id=\"ca458c6\" data-element_type=\"container\" data-e-type=\"container\">\n\t\t\t\t<div class=\"elementor-element elementor-element-80047d4 elementor-widget elementor-widget-spacer\" data-id=\"80047d4\" data-element_type=\"widget\" data-e-type=\"widget\" data-widget_type=\"spacer.default\">\n\t\t\t\t<div class=\"elementor-widget-container\">\n\t\t\t\t\t\t\t<div class=\"elementor-spacer\">\n\t\t\t<div class=\"elementor-spacer-inner\"><\/div>\n\t\t<\/div>\n\t\t\t\t\t\t<\/div>\n\t\t\t\t<\/div>\n\t\t\t\t<div class=\"elementor-element elementor-element-50c12dc elementor-widget elementor-widget-heading\" data-id=\"50c12dc\" data-element_type=\"widget\" data-e-type=\"widget\" data-widget_type=\"heading.default\">\n\t\t\t\t<div class=\"elementor-widget-container\">\n\t\t\t\t\t<h2 class=\"elementor-heading-title elementor-size-default\">Arvuta oma kuumakse ESTO Kalkulaatoriga.\n<\/h2>\t\t\t\t<\/div>\n\t\t\t\t<\/div>\n\t\t\t\t<div class=\"elementor-element elementor-element-a708041 elementor-widget elementor-widget-heading\" data-id=\"a708041\" data-element_type=\"widget\" data-e-type=\"widget\" data-widget_type=\"heading.default\">\n\t\t\t\t<div class=\"elementor-widget-container\">\n\t\t\t\t\t<h4 class=\"elementor-heading-title elementor-size-default\">Kiire, mugav ja soodne lahendus.<\/h4>\t\t\t\t<\/div>\n\t\t\t\t<\/div>\n\t\t\t\t<\/div>\n\t\t<div class=\"elementor-element elementor-element-4264a8d e-con-full e-flex e-con e-child\" data-id=\"4264a8d\" data-element_type=\"container\" data-e-type=\"container\">\n\t\t\t\t<div class=\"elementor-element elementor-element-5e10496 elementor-widget elementor-widget-html\" data-id=\"5e10496\" data-element_type=\"widget\" data-e-type=\"widget\" data-widget_type=\"html.default\">\n\t\t\t\t<div class=\"elementor-widget-container\">\n\t\t\t\t\t<iframe loading=\"lazy\" style=\"border: 0;\" width=\"400\" height=\"320\" src=\"https:\/\/api.esto.ee\/calculator?shop_id=funrent&amp;type=hire&amp;lang=et-ee\"><\/iframe>\t\t\t\t<\/div>\n\t\t\t\t<\/div>\n\t\t\t\t<\/div>\n\t\t\t\t\t<\/div>\n\t\t\t\t<\/div>\n\t\t<div class=\"elementor-element elementor-element-dd4066c e-flex e-con-boxed e-con e-parent\" data-id=\"dd4066c\" data-element_type=\"container\" data-e-type=\"container\">\n\t\t\t\t\t<div class=\"e-con-inner\">\n\t\t<div class=\"elementor-element elementor-element-1a43973 e-con-full e-flex e-con e-child\" data-id=\"1a43973\" data-element_type=\"container\" data-e-type=\"container\">\n\t\t\t\t<div class=\"elementor-element elementor-element-30cb436 elementor-widget elementor-widget-text-editor\" data-id=\"30cb436\" data-element_type=\"widget\" data-e-type=\"widget\" data-widget_type=\"text-editor.default\">\n\t\t\t\t<div class=\"elementor-widget-container\">\n\t\t\t\t\t\t\t\t\t<h3 style=\"text-align: center;\"><strong>ESTO j\u00e4relmaks \u2013 ei soovi maksta kogu summat korraga?<\/strong><\/h3><h3 style=\"text-align: center;\"><strong>Maksa osamaksete kaupa!<\/strong><\/h3>\t\t\t\t\t\t\t\t<\/div>\n\t\t\t\t<\/div>\n\t\t\t\t<div class=\"elementor-element elementor-element-42bb558 elementor-widget-divider--view-line elementor-widget elementor-widget-divider\" data-id=\"42bb558\" data-element_type=\"widget\" data-e-type=\"widget\" data-widget_type=\"divider.default\">\n\t\t\t\t<div class=\"elementor-widget-container\">\n\t\t\t\t\t\t\t<div class=\"elementor-divider\">\n\t\t\t<span class=\"elementor-divider-separator\">\n\t\t\t\t\t\t<\/span>\n\t\t<\/div>\n\t\t\t\t\t\t<\/div>\n\t\t\t\t<\/div>\n\t\t\t\t<div class=\"elementor-element elementor-element-b05f9b7 elementor-widget elementor-widget-image\" data-id=\"b05f9b7\" data-element_type=\"widget\" data-e-type=\"widget\" data-widget_type=\"image.default\">\n\t\t\t\t<div class=\"elementor-widget-container\">\n\t\t\t\t\t\t\t\t\t\t\t\t\t\t\t<img loading=\"lazy\" loading=\"lazy\" decoding=\"async\" width=\"632\" height=\"113\" src=\"https:\/\/aialadu.ee\/wp-content\/uploads\/2023\/12\/aialadu-esto-jarelmaks.webp\" class=\"attachment-large size-large wp-image-70706\" alt=\"\" srcset=\"https:\/\/aialadu.ee\/wp-content\/uploads\/2023\/12\/aialadu-esto-jarelmaks.webp 632w, https:\/\/aialadu.ee\/wp-content\/uploads\/2023\/12\/aialadu-esto-jarelmaks-300x54.webp 300w, https:\/\/aialadu.ee\/wp-content\/uploads\/2023\/12\/aialadu-esto-jarelmaks-263x47.webp 263w, https:\/\/aialadu.ee\/wp-content\/uploads\/2023\/12\/aialadu-esto-jarelmaks-10x2.webp 10w\" sizes=\"auto, (max-width: 632px) 100vw, 632px\" title=\"\">\t\t\t\t\t\t\t\t\t\t\t\t\t\t\t<\/div>\n\t\t\t\t<\/div>\n\t\t\t\t<div class=\"elementor-element elementor-element-4120dfb elementor-widget elementor-widget-text-editor\" data-id=\"4120dfb\" data-element_type=\"widget\" data-e-type=\"widget\" data-widget_type=\"text-editor.default\">\n\t\t\t\t<div class=\"elementor-widget-container\">\n\t\t\t\t\t\t\t\t\t<p>Maksmisel valige endale sobiv periood, igakuise osamakse suurus ning digiallkirjastage mugavalt\u00a0<strong>ID-kaardi, Smart-ID v\u00f5i Mobiili-ID abil.<\/strong><\/p><p>ESTO j\u00e4relmaksu puhul on tegemist \u00fclimalt kiire ning mugava makselahendusega, mis aitab koostada sulle sinu poolt valitud perioodi alusel maksegraafiku. Antud makselahendus teeb otsuse reaalajas ning aitab ostu sooritada v\u00e4hem kui 60 sekundiga.<\/p><p><strong>T\u00c4HELEPANU!<\/strong>\u00a0Iga j\u00e4relmaks on finantskohustus. Enne j\u00e4relmaksulepingu s\u00f5lmimist tutvuge vastava teenuse tingimustega ning vajadusel konsulteerige asjatundjaga.<\/p><p>ESTO j\u00e4relmaksu pakkujaks on\u00a0<strong>ESTO AS<\/strong>\u00a0(reg. kood 14180709).<\/p><p>ESTO j\u00e4relmaksu tavatingimused on j\u00e4rgmised:<\/p><ul><li><strong>Aastane intress alates 0%<\/strong><\/li><li><strong>Lepingutasu alates 0 eurot<\/strong><\/li><li><strong>Periood kuni 4 aastat<\/strong><\/li><\/ul><p>ESTO j\u00e4relmaksu saavad taotleda k\u00f5ik 18-70-aastased Eesti Vabariigi kodanikud. ESTO j\u00e4relmaksu on v\u00f5imalik vormistada kiirelt ja mugavalt ka juriidilisele isikule.<\/p><p><em>Iga finantsotsusega kaasnevad riskid ja kohustused, mist\u00f5ttu palume laenutoodete tarbimise vajadus hoolikalt l\u00e4bi m\u00f5elda. N\u00e4iteks 1059-eurose laenusumma puhul 24 kuuks fikseeritud intressiga 13.90% aastas ja lepingutasuga 14.90 eurot on krediidi kulukuse m\u00e4\u00e4r 38.14%, kuumakse suurus 60.72 eurot ning tarbija poolt tagasimakstav kogusumma 1458.28 eurot. J\u00e4relmaksu pakub ja haldab ESTO AS.<\/em><\/p>\t\t\t\t\t\t\t\t<\/div>\n\t\t\t\t<\/div>\n\t\t\t\t<\/div>\n\t\t<div class=\"elementor-element elementor-element-81d0f88 e-con-full e-flex e-con e-child\" data-id=\"81d0f88\" data-element_type=\"container\" data-e-type=\"container\">\n\t\t\t\t<div class=\"elementor-element elementor-element-652b833 elementor-widget elementor-widget-text-editor\" data-id=\"652b833\" data-element_type=\"widget\" data-e-type=\"widget\" data-widget_type=\"text-editor.default\">\n\t\t\t\t<div class=\"elementor-widget-container\">\n\t\t\t\t\t\t\t\t\t<h3 style=\"text-align: center;\"><strong>ESTO 3 makseviis &#8212; ajata enda ostukorvi maksumus kolmeks v\u00f5rdseks makseks <\/strong><\/h3><h3 style=\"text-align: center;\"><strong>ilma \u00fchtegi lisatasu maksmata!\u200b<\/strong><\/h3>\t\t\t\t\t\t\t\t<\/div>\n\t\t\t\t<\/div>\n\t\t\t\t<div class=\"elementor-element elementor-element-7617b64 elementor-widget-divider--view-line elementor-widget elementor-widget-divider\" data-id=\"7617b64\" data-element_type=\"widget\" data-e-type=\"widget\" data-widget_type=\"divider.default\">\n\t\t\t\t<div class=\"elementor-widget-container\">\n\t\t\t\t\t\t\t<div class=\"elementor-divider\">\n\t\t\t<span class=\"elementor-divider-separator\">\n\t\t\t\t\t\t<\/span>\n\t\t<\/div>\n\t\t\t\t\t\t<\/div>\n\t\t\t\t<\/div>\n\t\t\t\t<div class=\"elementor-element elementor-element-8cad148 elementor-widget elementor-widget-image\" data-id=\"8cad148\" data-element_type=\"widget\" data-e-type=\"widget\" data-widget_type=\"image.default\">\n\t\t\t\t<div class=\"elementor-widget-container\">\n\t\t\t\t\t\t\t\t\t\t\t\t\t\t\t<img loading=\"lazy\" loading=\"lazy\" decoding=\"async\" width=\"624\" height=\"111\" src=\"https:\/\/aialadu.ee\/wp-content\/uploads\/2023\/12\/slice-makse-esto-aialadu.webp\" class=\"attachment-large size-large wp-image-70708\" alt=\"\" srcset=\"https:\/\/aialadu.ee\/wp-content\/uploads\/2023\/12\/slice-makse-esto-aialadu.webp 624w, https:\/\/aialadu.ee\/wp-content\/uploads\/2023\/12\/slice-makse-esto-aialadu-300x53.webp 300w, https:\/\/aialadu.ee\/wp-content\/uploads\/2023\/12\/slice-makse-esto-aialadu-263x47.webp 263w, https:\/\/aialadu.ee\/wp-content\/uploads\/2023\/12\/slice-makse-esto-aialadu-10x2.webp 10w\" sizes=\"auto, (max-width: 624px) 100vw, 624px\" title=\"\">\t\t\t\t\t\t\t\t\t\t\t\t\t\t\t<\/div>\n\t\t\t\t<\/div>\n\t\t\t\t<div class=\"elementor-element elementor-element-e22af18 elementor-widget elementor-widget-text-editor\" data-id=\"e22af18\" data-element_type=\"widget\" data-e-type=\"widget\" data-widget_type=\"text-editor.default\">\n\t\t\t\t<div class=\"elementor-widget-container\">\n\t\t\t\t\t\t\t\t\t<p>Kasuta toodete v\u00f5i teenuste eest maksmisel\u00a0<strong>ESTO 3<\/strong>\u00a0makseviisi \u2013 ajata enda ostukorvi maksumus kolmeks v\u00f5rdseks makseks, ilma \u00fchtegi lisatasu maksmata!<\/p><p>Lisa tooted ostukorvi, kinnita oma tellimus ning vali makseviisiks\u00a0<strong>ESTO 3<\/strong>\u00a0ning digiallkirjasta<br \/>mugavalt <strong>Smart-ID<\/strong> lahendusega.<\/p><ul><li>Tasudes enda ostukorvi maksumuse t\u00e4ies ulatuses ja \u00f5igeaegselt kolme kuu jooksul, siis ei lisandu mitte \u00fchtegi lisatasu.<\/li><li>Kuutasu kujuneb ostukorvi maksumuse jagamisel kolmeks v\u00f5rdseks osaks.<\/li><li>Minimaalne ostukorvi summa ESTO 3 kasutamisel on 60 EUR.<\/li><li>ESTO 3 saavad taotleda k\u00f5ik 18-70 aastased Eesti Vabariigi kodanikud.<\/li><\/ul><p><strong>ESTO 3 makseviisi\u00a0tingimused<\/strong><\/p><p><strong>ESTO 3 makseviisi<\/strong>\u00a0teenusepakkujaks on ESTO AS. Makseviisi kasutamine on finantsotsus ning sellega kaasnevad riskid ja kohustused, mist\u00f5ttu palume laenutoodete tarbimise vajaduse hoolikalt l\u00e4bi m\u00f5elda. ESTO 3 krediidi kulukuse m\u00e4\u00e4r on 0% j\u00e4rgmistel n\u00e4idistingimustel: intress 0% aastas, puuduvad tasud.<br \/>Juhul, kui teil ei \u00f5nnestu makseid tasuda l\u00e4htuvalt ESTO 3 graafikule, siis teie ESTO 3 leping l\u00f5peb ja teie v\u00f5lgnevus ESTO AS ees loetakse ESTO arvelduskrediidilepingu alusel kasutusse v\u00f5etud krediidiks ning lisanduvad arvelduskrediidilepingu kohaselt lisatasud.<\/p><p>ESTO 3 teenusepakkujaks on\u00a0<strong>ESTO AS.<\/strong><\/p><p>E-mail:\u00a0info@esto.ee<br \/>Telefon: (+372) 622 52 52<\/p>\t\t\t\t\t\t\t\t<\/div>\n\t\t\t\t<\/div>\n\t\t\t\t<\/div>\n\t\t\t\t\t<\/div>\n\t\t\t\t<\/div>\n\t\t\t\t<\/div>\n\t\t","protected":false},"excerpt":{"rendered":"<p>Tasu toodete eest Sulle sobivas tempos! Placet J\u00e4relmaks Liisi J\u00e4relmaks ESTO J\u00e4relmaks Placet J\u00e4relmaks Liisi J\u00e4relmaks ESTO&#8230;<\/p>\n","protected":false},"author":1,"featured_media":0,"parent":0,"menu_order":0,"comment_status":"closed","ping_status":"closed","template":"","meta":{"footnotes":""},"class_list":["post-8512","page","type-page","status-publish","hentry"],"_links":{"self":[{"href":"https:\/\/aialadu.ee\/ru\/wp-json\/wp\/v2\/pages\/8512","targetHints":{"allow":["GET"]}}],"collection":[{"href":"https:\/\/aialadu.ee\/ru\/wp-json\/wp\/v2\/pages"}],"about":[{"href":"https:\/\/aialadu.ee\/ru\/wp-json\/wp\/v2\/types\/page"}],"author":[{"embeddable":true,"href":"https:\/\/aialadu.ee\/ru\/wp-json\/wp\/v2\/users\/1"}],"replies":[{"embeddable":true,"href":"https:\/\/aialadu.ee\/ru\/wp-json\/wp\/v2\/comments?post=8512"}],"version-history":[{"count":5,"href":"https:\/\/aialadu.ee\/ru\/wp-json\/wp\/v2\/pages\/8512\/revisions"}],"predecessor-version":[{"id":71340,"href":"https:\/\/aialadu.ee\/ru\/wp-json\/wp\/v2\/pages\/8512\/revisions\/71340"}],"wp:attachment":[{"href":"https:\/\/aialadu.ee\/ru\/wp-json\/wp\/v2\/media?parent=8512"}],"curies":[{"name":"wp","href":"https:\/\/api.w.org\/{rel}","templated":true}]}}